{"id":2875,"date":"2021-09-15T10:24:52","date_gmt":"2021-09-15T10:24:52","guid":{"rendered":"https:\/\/wordpress.vecurosoft.com\/haarino\/?page_id=2875"},"modified":"2024-12-11T19:37:14","modified_gmt":"2024-12-11T19:37:14","slug":"find-a-salon","status":"publish","type":"page","link":"https:\/\/coiffure.tattoonumeric.com\/f1\/find-a-salon\/","title":{"rendered":"Find A Salon"},"content":{"rendered":"\t\t<div data-elementor-type=\"wp-page\" data-elementor-id=\"2875\" class=\"elementor elementor-2875\">\n\t\t\t\t\t\t<section class=\"elementor-section elementor-top-section elementor-element elementor-element-9f561fe elementor-section-full_width elementor-section-height-default elementor-section-height-default\" data-id=\"9f561fe\" data-element_type=\"section\">\n\t\t\t\t\t\t<div class=\"elementor-container elementor-column-gap-no\">\n\t\t\t\t\t<div class=\"elementor-column elementor-col-100 elementor-top-column elementor-element elementor-element-3c8fc2d\" data-id=\"3c8fc2d\" data-element_type=\"column\">\n\t\t\t<div class=\"elementor-widget-wrap elementor-element-populated\">\n\t\t\t\t\t\t<section class=\"elementor-section elementor-inner-section elementor-element elementor-element-8a05a05 elementor-section-full_width elementor-section-height-default elementor-section-height-default\" data-id=\"8a05a05\" data-element_type=\"section\">\n\t\t\t\t\t\t<div class=\"elementor-container elementor-column-gap-no\">\n\t\t\t\t\t<div class=\"elementor-column elementor-col-50 elementor-inner-column elementor-element elementor-element-564895c find-salon-inner\" data-id=\"564895c\" data-element_type=\"column\">\n\t\t\t<div class=\"elementor-widget-wrap elementor-element-populated\">\n\t\t\t\t\t\t<div class=\"elementor-element elementor-element-015388e elementor-widget elementor-widget-haarmaxsectiontitle\" data-id=\"015388e\" data-element_type=\"widget\" data-widget_type=\"haarmaxsectiontitle.default\">\n\t\t\t\t<div class=\"elementor-widget-container\">\n\t\t\t\t\t<div class=\"section-title\" ><h2 class=\"sec-title title-selector\">FIND YOUR<br> NEAREST SALON<\/h2><p class=\"desc\">Discover best in-class salons near you<\/p><\/div>\t\t\t\t<\/div>\n\t\t\t\t<\/div>\n\t\t\t\t<div class=\"elementor-element elementor-element-da87979 elementor-widget-mobile__width-inherit elementor-widget elementor-widget-haarmaxsaloninfobox\" data-id=\"da87979\" data-element_type=\"widget\" data-widget_type=\"haarmaxsaloninfobox.default\">\n\t\t\t\t<div class=\"elementor-widget-container\">\n\t\t\t\t\t<div class=\"find-salon-box\"><span class=\"box-label\">Haarino Salon<\/span><h3 class=\"find-salon-title\">Davins Hair Salon<\/h3><p class=\"find-salon-text\"><i class=\"fas fa-map-marker-alt\"><\/i> Cl. 20 #16-97, Cielo mar, La Boquilla, Cartagena, Bol\u00edvar, Colombie<\/p><p class=\"find-salon-text\"><i class=\"fas fa-phone-alt\"><\/i> Tel: 703-555-5555<\/p><a href=\"\" class=\"vs-btn style-black\">Get Directions<\/a><\/div>\t\t\t\t<\/div>\n\t\t\t\t<\/div>\n\t\t\t\t<div class=\"elementor-element elementor-element-d84cb6d elementor-widget-tablet__width-inherit elementor-widget-mobile__width-inherit elementor-widget elementor-widget-haarmaxsaloninfobox\" data-id=\"d84cb6d\" data-element_type=\"widget\" data-widget_type=\"haarmaxsaloninfobox.default\">\n\t\t\t\t<div class=\"elementor-widget-container\">\n\t\t\t\t\t<div class=\"find-salon-box\"><span class=\"box-label\">Haarino Salon<\/span><h3 class=\"find-salon-title\">Larrys Hair Salon<\/h3><p class=\"find-salon-text\"><i class=\"fas fa-map-marker-alt\"><\/i> Cl. 20 #16-97, Cielo mar, La Boquilla, Cartagena, Bol\u00edvar, Colombie<\/p><p class=\"find-salon-text\"><i class=\"fas fa-phone-alt\"><\/i> Tel: 65-555-5555<\/p><a href=\"\" class=\"vs-btn style-black\">Get Directions<\/a><\/div>\t\t\t\t<\/div>\n\t\t\t\t<\/div>\n\t\t\t\t<div class=\"elementor-element elementor-element-da6df13 elementor-widget-mobile__width-inherit elementor-widget elementor-widget-haarmaxsaloninfobox\" data-id=\"da6df13\" data-element_type=\"widget\" data-widget_type=\"haarmaxsaloninfobox.default\">\n\t\t\t\t<div class=\"elementor-widget-container\">\n\t\t\t\t\t<div class=\"find-salon-box\"><span class=\"box-label\">Haarino Salon<\/span><h3 class=\"find-salon-title\">Redwan&#039;s Hair Salon<\/h3><p class=\"find-salon-text\"><i class=\"fas fa-map-marker-alt\"><\/i> Cl. 20 #16-97, Cielo mar, La Boquilla, Cartagena, Bol\u00edvar, Colombie<\/p><p class=\"find-salon-text\"><i class=\"fas fa-phone-alt\"><\/i> Tel: 65-555-5555<\/p><a href=\"\" class=\"vs-btn style-black\">Get Directions<\/a><\/div>\t\t\t\t<\/div>\n\t\t\t\t<\/div>\n\t\t\t\t<div class=\"elementor-element elementor-element-87a5d62 elementor-widget-tablet__width-inherit elementor-widget-mobile__width-inherit elementor-widget elementor-widget-haarmaxsaloninfobox\" data-id=\"87a5d62\" data-element_type=\"widget\" data-widget_type=\"haarmaxsaloninfobox.default\">\n\t\t\t\t<div class=\"elementor-widget-container\">\n\t\t\t\t\t<div class=\"find-salon-box\"><span class=\"box-label\">Haarino Salon<\/span><h3 class=\"find-salon-title\">Ripons Hair Salon<\/h3><p class=\"find-salon-text\"><i class=\"fas fa-map-marker-alt\"><\/i> Cl. 20 #16-97, Cielo mar, La Boquilla, Cartagena, Bol\u00edvar, Colombie<\/p><p class=\"find-salon-text\"><i class=\"fas fa-phone-alt\"><\/i> Tel: 65-555-5555<\/p><a href=\"\" class=\"vs-btn style-black\">Get Directions<\/a><\/div>\t\t\t\t<\/div>\n\t\t\t\t<\/div>\n\t\t\t\t\t<\/div>\n\t\t<\/div>\n\t\t\t\t<div class=\"elementor-column elementor-col-50 elementor-inner-column elementor-element elementor-element-26c461f\" data-id=\"26c461f\" data-element_type=\"column\">\n\t\t\t<div class=\"elementor-widget-wrap elementor-element-populated\">\n\t\t\t\t\t\t<div class=\"elementor-element elementor-element-64b6ad6 find-salon-map elementor-widget elementor-widget-google_maps\" data-id=\"64b6ad6\" data-element_type=\"widget\" data-widget_type=\"google_maps.default\">\n\t\t\t\t<div class=\"elementor-widget-container\">\n\t\t\t\t\t\t\t<div class=\"elementor-custom-embed\">\n\t\t\t<iframe loading=\"lazy\"\n\t\t\t\t\tsrc=\"https:\/\/maps.google.com\/maps?q=Carthag%C3%A8ne%20Province%20de%20Carthag%C3%A8ne%20des%20Indes%2C%20Bol%C3%ADvar%20Colombie&#038;t=m&#038;z=13&#038;output=embed&#038;iwloc=near\"\n\t\t\t\t\ttitle=\"Carthag\u00e8ne Province de Carthag\u00e8ne des Indes, Bol\u00edvar Colombie\"\n\t\t\t\t\taria-label=\"Carthag\u00e8ne Province de Carthag\u00e8ne des Indes, Bol\u00edvar Colombie\"\n\t\t\t><\/iframe>\n\t\t<\/div>\n\t\t\t\t\t\t<\/div>\n\t\t\t\t<\/div>\n\t\t\t\t\t<\/div>\n\t\t<\/div>\n\t\t\t\t\t<\/div>\n\t\t<\/section>\n\t\t\t\t\t<\/div>\n\t\t<\/div>\n\t\t\t\t\t<\/div>\n\t\t<\/section>\n\t\t\t\t<\/div>\n\t\t","protected":false},"excerpt":{"rendered":"<p>FIND YOUR NEAREST SALON Discover best in-class salons near you Haarino Salon Davins Hair Salon Cl. 20 #16-97, Cielo mar, La Boquilla, Cartagena, Bol\u00edvar, Colombie Tel: 703-555-5555 Get Directions Haarino Salon Larrys Hair Salon Cl. 20 #16-97, Cielo mar, La Boquilla, Cartagena, Bol\u00edvar, Colombie Tel: 65-555-5555 Get Directions Haarino Salon Redwan&#039;s Hair Salon Cl. 20&#8230;<\/p>\n","protected":false},"author":1,"featured_media":0,"parent":0,"menu_order":0,"comment_status":"closed","ping_status":"closed","template":"template-builder.php","meta":{"footnotes":""},"class_list":["post-2875","page","type-page","status-publish","hentry"],"_links":{"self":[{"href":"https:\/\/coiffure.tattoonumeric.com\/f1\/wp-json\/wp\/v2\/pages\/2875","targetHints":{"allow":["GET"]}}],"collection":[{"href":"https:\/\/coiffure.tattoonumeric.com\/f1\/wp-json\/wp\/v2\/pages"}],"about":[{"href":"https:\/\/coiffure.tattoonumeric.com\/f1\/wp-json\/wp\/v2\/types\/page"}],"author":[{"embeddable":true,"href":"https:\/\/coiffure.tattoonumeric.com\/f1\/wp-json\/wp\/v2\/users\/1"}],"replies":[{"embeddable":true,"href":"https:\/\/coiffure.tattoonumeric.com\/f1\/wp-json\/wp\/v2\/comments?post=2875"}],"version-history":[{"count":6,"href":"https:\/\/coiffure.tattoonumeric.com\/f1\/wp-json\/wp\/v2\/pages\/2875\/revisions"}],"predecessor-version":[{"id":7150,"href":"https:\/\/coiffure.tattoonumeric.com\/f1\/wp-json\/wp\/v2\/pages\/2875\/revisions\/7150"}],"wp:attachment":[{"href":"https:\/\/coiffure.tattoonumeric.com\/f1\/wp-json\/wp\/v2\/media?parent=2875"}],"curies":[{"name":"wp","href":"https:\/\/api.w.org\/{rel}","templated":true}]}}